{"id":453,"date":"2019-06-20T00:37:31","date_gmt":"2019-06-19T22:37:31","guid":{"rendered":"http:\/\/silverliningideas.com\/?page_id=453"},"modified":"2019-06-22T14:09:30","modified_gmt":"2019-06-22T12:09:30","slug":"kezdolap","status":"publish","type":"page","link":"https:\/\/silverliningideas.com\/index.php\/hu\/kezdolap\/","title":{"rendered":"Start"},"content":{"rendered":"\n<h2>&#8220;Minden rosszban van valami j\u00f3&#8221;<\/h2>\n\n\n\n<p> Angolul: \u201cEvery cloud has a silver lining.\u201d Azaz minden felh\u0151nek van egy ez\u00fcst\u00f6s oldala.  Hiszek abban, hogy ha folyamatosan fejlesztj\u00fck \u00f6nmagunkat, akkor el\u00e9rhetj\u00fck a c\u00e9ljainkat, mivel <strong>mi<\/strong> magunk vagyunk felel\u0151sek a boldogs\u00e1gunk\u00e9rt.  Tr\u00e9nerk\u00e9nt \u00e9s coachk\u00e9nt k\u00fcl\u00f6n\u00f6sen fontos sz\u00e1momra saj\u00e1t magam \u00e9s m\u00e1sok fejleszt\u00e9se minden egyes nap. Az \u00e1lmok c\u00e9lokk\u00e1, konkr\u00e9t l\u00e9p\u00e9sekk\u00e9 alak\u00edthat\u00f3ak.  Seg\u00edtek neked, hogy el\u00e9rd a c\u00e9ljaidat, \u00e9s megtal\u00e1ld a rem\u00e9nysugarakat akkor is, ha \u00e9pp \u00f6sszegy\u0171ltek a felh\u0151k a fejed felett.   <\/p>\n\n\n\n<h2>Inspir\u00e1l\u00f3 \u00f6tletek<\/h2>\n\n\n\n<p>A blog szekci\u00f3ban 3 kateg\u00f3ria k\u00f6r\u00e9 csoportosulnak a bejegyz\u00e9sek:<\/p>\n\n\n\n<div class=\"wp-block-media-text alignwide\"><figure class=\"wp-block-media-text__media\"><img loading=\"lazy\" width=\"629\" height=\"420\" src=\"https:\/\/i1.wp.com\/silverliningideas.com\/wp-content\/uploads\/2019\/06\/art-big-data-blur-373543.jpg?resize=629%2C420\" alt=\"\" class=\"wp-image-479\" srcset=\"https:\/\/i1.wp.com\/silverliningideas.com\/wp-content\/uploads\/2019\/06\/art-big-data-blur-373543.jpg?resize=1024%2C683&amp;ssl=1 1024w, https:\/\/i1.wp.com\/silverliningideas.com\/wp-content\/uploads\/2019\/06\/art-big-data-blur-373543.jpg?resize=300%2C200&amp;ssl=1 300w, https:\/\/i1.wp.com\/silverliningideas.com\/wp-content\/uploads\/2019\/06\/art-big-data-blur-373543.jpg?resize=768%2C512&amp;ssl=1 768w, https:\/\/i1.wp.com\/silverliningideas.com\/wp-content\/uploads\/2019\/06\/art-big-data-blur-373543.jpg?resize=900%2C600&amp;ssl=1 900w, https:\/\/i1.wp.com\/silverliningideas.com\/wp-content\/uploads\/2019\/06\/art-big-data-blur-373543.jpg?resize=1280%2C853&amp;ssl=1 1280w, https:\/\/i1.wp.com\/silverliningideas.com\/wp-content\/uploads\/2019\/06\/art-big-data-blur-373543.jpg?w=1887 1887w\" sizes=\"(max-width: 629px) 100vw, 629px\" data-recalc-dims=\"1\" \/><\/figure><div class=\"wp-block-media-text__content\">\n<p class=\"has-large-font-size\"><strong>Szem\u00e9lyes hat\u00e9konys\u00e1g<\/strong><\/p>\n\n\n\n<p> Minden, ami a szem\u00e9lyes hat\u00e9konys\u00e1ghoz, tervez\u00e9shez, szervez\u00e9shez, id\u0151gazd\u00e1lkod\u00e1shoz, c\u00e9lkit\u0171z\u00e9sekhez \u00e9s prioriz\u00e1l\u00e1shoz kapcsol\u00f3dik. <\/p>\n\n\n\n<div class=\"wp-block-button\"><a class=\"wp-block-button__link\" href=\"http:\/\/silverliningideas.com\/index.php\/hu\/category\/szemelyes-hatekonysag\/\">Szeretn\u00e9k hat\u00e9konyabb lenni<\/a><\/div>\n<\/div><\/div>\n\n\n\n<div class=\"wp-block-media-text alignwide has-media-on-the-right\"><figure class=\"wp-block-media-text__media\"><img loading=\"lazy\" width=\"629\" height=\"420\" src=\"https:\/\/i2.wp.com\/silverliningideas.com\/wp-content\/uploads\/2019\/06\/4k-wallpaper-adorable-blur-1148998.jpg?resize=629%2C420\" alt=\"\" class=\"wp-image-480\" srcset=\"https:\/\/i2.wp.com\/silverliningideas.com\/wp-content\/uploads\/2019\/06\/4k-wallpaper-adorable-blur-1148998.jpg?resize=1024%2C683&amp;ssl=1 1024w, https:\/\/i2.wp.com\/silverliningideas.com\/wp-content\/uploads\/2019\/06\/4k-wallpaper-adorable-blur-1148998.jpg?resize=300%2C200&amp;ssl=1 300w, https:\/\/i2.wp.com\/silverliningideas.com\/wp-content\/uploads\/2019\/06\/4k-wallpaper-adorable-blur-1148998.jpg?resize=768%2C512&amp;ssl=1 768w, https:\/\/i2.wp.com\/silverliningideas.com\/wp-content\/uploads\/2019\/06\/4k-wallpaper-adorable-blur-1148998.jpg?resize=900%2C600&amp;ssl=1 900w, https:\/\/i2.wp.com\/silverliningideas.com\/wp-content\/uploads\/2019\/06\/4k-wallpaper-adorable-blur-1148998.jpg?resize=1280%2C853&amp;ssl=1 1280w, https:\/\/i2.wp.com\/silverliningideas.com\/wp-content\/uploads\/2019\/06\/4k-wallpaper-adorable-blur-1148998.jpg?w=1887 1887w\" sizes=\"(max-width: 629px) 100vw, 629px\" data-recalc-dims=\"1\" \/><\/figure><div class=\"wp-block-media-text__content\">\n<h2>Boldogs\u00e1g \u00e9s \u00e9rzelmek<\/h2>\n\n\n\n<p>Cikkek a pozit\u00edv pszichol\u00f3gi\u00e1r\u00f3l, boldogs\u00e1gr\u00f3l, \u00e9rzelmi intelligenci\u00e1r\u00f3l \u00e9s az \u00e9rzelmeink kezel\u00e9s\u00e9r\u0151l.<\/p>\n\n\n\n<div class=\"wp-block-button\"><a class=\"wp-block-button__link\" href=\"http:\/\/silverliningideas.com\/index.php\/hu\/category\/boldogsag-es-erzelmek\/\">Szeretn\u00e9m tudatosabban kezelni az \u00e9rzelmeim<\/a><\/div>\n<\/div><\/div>\n\n\n\n<div class=\"wp-block-media-text alignwide\"><figure class=\"wp-block-media-text__media\"><img loading=\"lazy\" width=\"629\" height=\"354\" src=\"https:\/\/i0.wp.com\/silverliningideas.com\/wp-content\/uploads\/2019\/05\/About.jpg?resize=629%2C354\" alt=\"\" class=\"wp-image-298\" srcset=\"https:\/\/i0.wp.com\/silverliningideas.com\/wp-content\/uploads\/2019\/05\/About.jpg?resize=1024%2C576&amp;ssl=1 1024w, https:\/\/i0.wp.com\/silverliningideas.com\/wp-content\/uploads\/2019\/05\/About.jpg?resize=300%2C169&amp;ssl=1 300w, https:\/\/i0.wp.com\/silverliningideas.com\/wp-content\/uploads\/2019\/05\/About.jpg?resize=768%2C432&amp;ssl=1 768w, https:\/\/i0.wp.com\/silverliningideas.com\/wp-content\/uploads\/2019\/05\/About.jpg?resize=900%2C506&amp;ssl=1 900w, https:\/\/i0.wp.com\/silverliningideas.com\/wp-content\/uploads\/2019\/05\/About.jpg?resize=1280%2C720&amp;ssl=1 1280w, https:\/\/i0.wp.com\/silverliningideas.com\/wp-content\/uploads\/2019\/05\/About.jpg?w=1887 1887w\" sizes=\"(max-width: 629px) 100vw, 629px\" data-recalc-dims=\"1\" \/><\/figure><div class=\"wp-block-media-text__content\">\n<h2>Rem\u00e9nysugarak felh\u0151s napokra <\/h2>\n\n\n\n<p> Inspir\u00e1l\u00f3 \u00f6tletek a mindennapokhoz \u00e9s ahhoz, hogy hogyan lend\u00fclj\u00fcnk t\u00fal a neh\u00e9zs\u00e9geken, j\u00f3l bev\u00e1lt \u00f6tletek \u00e9s m\u00f3dszerek a szem\u00e9lyes fejl\u0151d\u00e9sed \u00e9rdek\u00e9ben.  <\/p>\n\n\n\n<div class=\"wp-block-button\"><a class=\"wp-block-button__link\" href=\"http:\/\/silverliningideas.com\/index.php\/hu\/category\/remenysugarak-felhos-napokra\/\">Szeretn\u00e9k inspir\u00e1l\u00f3dni<\/a><\/div>\n<\/div><\/div>\n\n\n\n<p>A cikkeim olyan \u00f6tleteket, m\u00f3dszereket tartalmaznak, amik vagy m\u00e1r nekem is bev\u00e1ltak, vagy egyszer\u0171en csak el\u00e9g \u00e9rdekesnek t\u0171ntek ahhoz, hogy megosszam veled \u0151ket. <\/p>\n\n\n\n<p>2018-ban a veszpr\u00e9mi TEDxBenedekHegy konferencia sz\u00ednpad\u00e1n arr\u00f3l besz\u00e9ltem, hogy mi\u00e9rt fontos 3 napot pizsam\u00e1ban t\u00f6lteni. <\/p>\n\n\n\n<figure class=\"wp-block-embed-youtube wp-block-embed is-type-video is-provider-youtube wp-embed-aspect-16-9 wp-has-aspect-ratio\"><div class=\"wp-block-embed__wrapper\">\n<iframe title=\"H\u00e1rom nap pizsam\u00e1ban | Zsuzsi Bagi | TEDxBenedekHegy\" width=\"629\" height=\"354\" src=\"https:\/\/www.youtube.com\/embed\/mFN3_I7njb0?start=2&#038;feature=oembed\" frameborder=\"0\" allow=\"accelerometer; autoplay; encrypted-media; gyroscope; picture-in-picture\" allowfullscreen><\/iframe>\n<\/div><figcaption>Zsuzsanna Bagi &#8211; &#8220;3 nap pizsam\u00e1ban &#8211; TEDxBenedekHegy 2018.<\/figcaption><\/figure>\n\n\n\n<h2>Keress meg, ha<\/h2>\n\n\n\n<p>Szeretn\u00e9l enn\u00e9l specifikusabb seg\u00edts\u00e9get kapni ahhoz, hogy hogyan \u00e9rd el a c\u00e9ljaid.<\/p>\n\n\n\n<div class=\"wp-block-button\"><a class=\"wp-block-button__link\" href=\"http:\/\/silverliningideas.com\/index.php\/hu\/kapcsolat\/\">T\u00f6bb seg\u00edts\u00e9get szeretn\u00e9k<\/a><\/div>\n","protected":false},"excerpt":{"rendered":"<p>&#8220;Minden rosszban van valami j\u00f3&#8221; Angolul: \u201cEvery cloud has a silver lining.\u201d Azaz minden felh\u0151nek van egy ez\u00fcst\u00f6s oldala. Hiszek abban, hogy ha folyamatosan fejlesztj\u00fck \u00f6nmagunkat, akkor el\u00e9rhetj\u00fck a c\u00e9ljainkat, mivel mi magunk vagyunk felel\u0151sek a boldogs\u00e1gunk\u00e9rt. Tr\u00e9nerk\u00e9nt \u00e9s coachk\u00e9nt k\u00fcl\u00f6n\u00f6sen fontos sz\u00e1momra saj\u00e1t magam \u00e9s m\u00e1sok fejleszt\u00e9se minden egyes nap. Az \u00e1lmok c\u00e9lokk\u00e1, konkr\u00e9t [&hellip;]<\/p>\n","protected":false},"author":2,"featured_media":497,"parent":0,"menu_order":0,"comment_status":"closed","ping_status":"closed","template":"","meta":{"_mi_skip_tracking":false,"spay_email":""},"_links":{"self":[{"href":"https:\/\/silverliningideas.com\/index.php\/wp-json\/wp\/v2\/pages\/453"}],"collection":[{"href":"https:\/\/silverliningideas.com\/index.php\/wp-json\/wp\/v2\/pages"}],"about":[{"href":"https:\/\/silverliningideas.com\/index.php\/wp-json\/wp\/v2\/types\/page"}],"author":[{"embeddable":true,"href":"https:\/\/silverliningideas.com\/index.php\/wp-json\/wp\/v2\/users\/2"}],"replies":[{"embeddable":true,"href":"https:\/\/silverliningideas.com\/index.php\/wp-json\/wp\/v2\/comments?post=453"}],"version-history":[{"count":7,"href":"https:\/\/silverliningideas.com\/index.php\/wp-json\/wp\/v2\/pages\/453\/revisions"}],"predecessor-version":[{"id":515,"href":"https:\/\/silverliningideas.com\/index.php\/wp-json\/wp\/v2\/pages\/453\/revisions\/515"}],"wp:featuredmedia":[{"embeddable":true,"href":"https:\/\/silverliningideas.com\/index.php\/wp-json\/wp\/v2\/media\/497"}],"wp:attachment":[{"href":"https:\/\/silverliningideas.com\/index.php\/wp-json\/wp\/v2\/media?parent=453"}],"curies":[{"name":"wp","href":"https:\/\/api.w.org\/{rel}","templated":true}]}}