{"id":436,"date":"2019-06-19T23:56:06","date_gmt":"2019-06-19T21:56:06","guid":{"rendered":"http:\/\/silverliningideas.com\/?page_id=436"},"modified":"2019-06-21T13:30:36","modified_gmt":"2019-06-21T11:30:36","slug":"inspiralo-otletek","status":"publish","type":"page","link":"https:\/\/silverliningideas.com\/index.php\/hu\/inspiralo-otletek\/","title":{"rendered":"Inspir\u00e1l\u00f3 \u00f6tletek"},"content":{"rendered":"\n<div class=\"wp-block-media-text alignwide\"><figure class=\"wp-block-media-text__media\"><img loading=\"lazy\" width=\"629\" height=\"420\" src=\"https:\/\/i1.wp.com\/silverliningideas.com\/wp-content\/uploads\/2019\/06\/art-big-data-blur-373543.jpg?resize=629%2C420\" alt=\"\" class=\"wp-image-479\" srcset=\"https:\/\/i1.wp.com\/silverliningideas.com\/wp-content\/uploads\/2019\/06\/art-big-data-blur-373543.jpg?resize=1024%2C683&amp;ssl=1 1024w, https:\/\/i1.wp.com\/silverliningideas.com\/wp-content\/uploads\/2019\/06\/art-big-data-blur-373543.jpg?resize=300%2C200&amp;ssl=1 300w, https:\/\/i1.wp.com\/silverliningideas.com\/wp-content\/uploads\/2019\/06\/art-big-data-blur-373543.jpg?resize=768%2C512&amp;ssl=1 768w, https:\/\/i1.wp.com\/silverliningideas.com\/wp-content\/uploads\/2019\/06\/art-big-data-blur-373543.jpg?resize=900%2C600&amp;ssl=1 900w, https:\/\/i1.wp.com\/silverliningideas.com\/wp-content\/uploads\/2019\/06\/art-big-data-blur-373543.jpg?resize=1280%2C853&amp;ssl=1 1280w, https:\/\/i1.wp.com\/silverliningideas.com\/wp-content\/uploads\/2019\/06\/art-big-data-blur-373543.jpg?w=1887 1887w\" sizes=\"(max-width: 629px) 100vw, 629px\" data-recalc-dims=\"1\" \/><\/figure><div class=\"wp-block-media-text__content\">\n<p class=\"has-large-font-size\"><strong>Szem\u00e9lyes hat\u00e9konys\u00e1g<\/strong><\/p>\n\n\n\n<p> Minden, ami a szem\u00e9lyes hat\u00e9konys\u00e1ghoz, tervez\u00e9shez, szervez\u00e9shez, id\u0151gazd\u00e1lkod\u00e1shoz, c\u00e9lkit\u0171z\u00e9sekhez \u00e9s prioriz\u00e1l\u00e1shoz kapcsol\u00f3dik. <\/p>\n\n\n\n<div class=\"wp-block-button\"><a class=\"wp-block-button__link\" href=\"http:\/\/silverliningideas.com\/index.php\/hu\/category\/szemelyes-hatekonysag\/\">Szeretn\u00e9k hat\u00e9konyabb lenni<\/a><\/div>\n<\/div><\/div>\n\n\n<ul class=\"wp-block-latest-posts__list is-grid columns-3 has-dates aligncenter wp-block-latest-posts\"><li><a href=\"https:\/\/silverliningideas.com\/index.php\/hu\/2021\/03\/07\/tervezes-es-bizonytalansag-ellentetek\/\">Tervez\u00e9s \u00e9s bizonytalans\u00e1g. Ellent\u00e9tek?<\/a><time datetime=\"2021-03-07T12:36:17+02:00\" class=\"wp-block-latest-posts__post-date\">March 7, 2021<\/time><\/li>\n<li><a href=\"https:\/\/silverliningideas.com\/index.php\/hu\/2020\/11\/28\/hogyan-mondjunk-nemet-2-resz\/\">Hogyan mondjunk nemet? &#8211; 2. r\u00e9sz<\/a><time datetime=\"2020-11-28T23:43:31+02:00\" class=\"wp-block-latest-posts__post-date\">November 28, 2020<\/time><\/li>\n<li><a href=\"https:\/\/silverliningideas.com\/index.php\/hu\/2020\/11\/10\/hogyan-mondjunk-nemet-1-resz\/\">Hogyan mondjunk nemet? &#8211; 1. r\u00e9sz<\/a><time datetime=\"2020-11-10T18:49:56+02:00\" class=\"wp-block-latest-posts__post-date\">November 10, 2020<\/time><\/li>\n<\/ul>\n\n\n<div class=\"wp-block-media-text alignwide has-media-on-the-right\"><figure class=\"wp-block-media-text__media\"><img loading=\"lazy\" width=\"629\" height=\"420\" src=\"https:\/\/i2.wp.com\/silverliningideas.com\/wp-content\/uploads\/2019\/06\/4k-wallpaper-adorable-blur-1148998.jpg?resize=629%2C420\" alt=\"\" class=\"wp-image-480\" srcset=\"https:\/\/i2.wp.com\/silverliningideas.com\/wp-content\/uploads\/2019\/06\/4k-wallpaper-adorable-blur-1148998.jpg?resize=1024%2C683&amp;ssl=1 1024w, https:\/\/i2.wp.com\/silverliningideas.com\/wp-content\/uploads\/2019\/06\/4k-wallpaper-adorable-blur-1148998.jpg?resize=300%2C200&amp;ssl=1 300w, https:\/\/i2.wp.com\/silverliningideas.com\/wp-content\/uploads\/2019\/06\/4k-wallpaper-adorable-blur-1148998.jpg?resize=768%2C512&amp;ssl=1 768w, https:\/\/i2.wp.com\/silverliningideas.com\/wp-content\/uploads\/2019\/06\/4k-wallpaper-adorable-blur-1148998.jpg?resize=900%2C600&amp;ssl=1 900w, https:\/\/i2.wp.com\/silverliningideas.com\/wp-content\/uploads\/2019\/06\/4k-wallpaper-adorable-blur-1148998.jpg?resize=1280%2C853&amp;ssl=1 1280w, https:\/\/i2.wp.com\/silverliningideas.com\/wp-content\/uploads\/2019\/06\/4k-wallpaper-adorable-blur-1148998.jpg?w=1887 1887w\" sizes=\"(max-width: 629px) 100vw, 629px\" data-recalc-dims=\"1\" \/><\/figure><div class=\"wp-block-media-text__content\">\n<h2>Boldogs\u00e1g \u00e9s \u00e9rzelmek<\/h2>\n\n\n\n<p>Cikkek a pozit\u00edv pszichol\u00f3gi\u00e1r\u00f3l, boldogs\u00e1gr\u00f3l, \u00e9rzelmi intelligenci\u00e1r\u00f3l \u00e9s \u00e9rzelmeink kezel\u00e9s\u00e9r\u0151l.<\/p>\n\n\n\n<div class=\"wp-block-button\"><a class=\"wp-block-button__link\" href=\"http:\/\/silverliningideas.com\/index.php\/hu\/category\/boldogsag-es-erzelmek\/\">Szeretn\u00e9m tudatosabban kezelni az \u00e9rzelmeim<\/a><\/div>\n<\/div><\/div>\n\n\n<ul class=\"wp-block-latest-posts__list is-grid columns-3 has-dates aligncenter wp-block-latest-posts\"><li><a href=\"https:\/\/silverliningideas.com\/index.php\/hu\/2020\/12\/21\/20-kerdes-hogy-eszrevedd-2020-jo-pillanatait-is\/\">20+ k\u00e9rd\u00e9s, hogy \u00e9szrevedd 2020 j\u00f3 pillanatait is<\/a><time datetime=\"2020-12-21T21:16:02+02:00\" class=\"wp-block-latest-posts__post-date\">December 21, 2020<\/time><\/li>\n<li><a href=\"https:\/\/silverliningideas.com\/index.php\/hu\/2020\/11\/28\/hogyan-mondjunk-nemet-2-resz\/\">Hogyan mondjunk nemet? &#8211; 2. r\u00e9sz<\/a><time datetime=\"2020-11-28T23:43:31+02:00\" class=\"wp-block-latest-posts__post-date\">November 28, 2020<\/time><\/li>\n<li><a href=\"https:\/\/silverliningideas.com\/index.php\/hu\/2020\/11\/10\/hogyan-mondjunk-nemet-1-resz\/\">Hogyan mondjunk nemet? &#8211; 1. r\u00e9sz<\/a><time datetime=\"2020-11-10T18:49:56+02:00\" class=\"wp-block-latest-posts__post-date\">November 10, 2020<\/time><\/li>\n<\/ul>\n\n\n<div class=\"wp-block-media-text alignwide\"><figure class=\"wp-block-media-text__media\"><img loading=\"lazy\" width=\"629\" height=\"354\" src=\"https:\/\/i0.wp.com\/silverliningideas.com\/wp-content\/uploads\/2019\/05\/About.jpg?resize=629%2C354\" alt=\"\" class=\"wp-image-298\" srcset=\"https:\/\/i0.wp.com\/silverliningideas.com\/wp-content\/uploads\/2019\/05\/About.jpg?resize=1024%2C576&amp;ssl=1 1024w, https:\/\/i0.wp.com\/silverliningideas.com\/wp-content\/uploads\/2019\/05\/About.jpg?resize=300%2C169&amp;ssl=1 300w, https:\/\/i0.wp.com\/silverliningideas.com\/wp-content\/uploads\/2019\/05\/About.jpg?resize=768%2C432&amp;ssl=1 768w, https:\/\/i0.wp.com\/silverliningideas.com\/wp-content\/uploads\/2019\/05\/About.jpg?resize=900%2C506&amp;ssl=1 900w, https:\/\/i0.wp.com\/silverliningideas.com\/wp-content\/uploads\/2019\/05\/About.jpg?resize=1280%2C720&amp;ssl=1 1280w, https:\/\/i0.wp.com\/silverliningideas.com\/wp-content\/uploads\/2019\/05\/About.jpg?w=1887 1887w\" sizes=\"(max-width: 629px) 100vw, 629px\" data-recalc-dims=\"1\" \/><\/figure><div class=\"wp-block-media-text__content\">\n<h2>Rem\u00e9nysugarak felh\u0151s napokra <\/h2>\n\n\n\n<p> Inspir\u00e1l\u00f3 \u00f6tletek a mindennapokhoz \u00e9s ahhoz, hogy hogyan lend\u00fclj\u00fcnk t\u00fal a neh\u00e9zs\u00e9geken, j\u00f3l bev\u00e1lt \u00f6tletek \u00e9s m\u00f3dszerek a szem\u00e9lyes fejl\u0151d\u00e9sed \u00e9rdek\u00e9ben.  <\/p>\n\n\n\n<div class=\"wp-block-button\"><a class=\"wp-block-button__link\" href=\"http:\/\/silverliningideas.com\/index.php\/hu\/category\/remenysugarak-felhos-napokra\/\">Szeretn\u00e9k inspir\u00e1l\u00f3dni<\/a><\/div>\n<\/div><\/div>\n\n\n<ul class=\"wp-block-latest-posts__list is-grid columns-3 has-dates aligncenter wp-block-latest-posts\"><li><a href=\"https:\/\/silverliningideas.com\/index.php\/hu\/2021\/03\/07\/tervezes-es-bizonytalansag-ellentetek\/\">Tervez\u00e9s \u00e9s bizonytalans\u00e1g. Ellent\u00e9tek?<\/a><time datetime=\"2021-03-07T12:36:17+02:00\" class=\"wp-block-latest-posts__post-date\">March 7, 2021<\/time><\/li>\n<li><a href=\"https:\/\/silverliningideas.com\/index.php\/hu\/2020\/12\/21\/20-kerdes-hogy-eszrevedd-2020-jo-pillanatait-is\/\">20+ k\u00e9rd\u00e9s, hogy \u00e9szrevedd 2020 j\u00f3 pillanatait is<\/a><time datetime=\"2020-12-21T21:16:02+02:00\" class=\"wp-block-latest-posts__post-date\">December 21, 2020<\/time><\/li>\n<li><a href=\"https:\/\/silverliningideas.com\/index.php\/hu\/2020\/10\/29\/a-3-kedvenc-kifogasom-coaching-ellen\/\">A 3 kedvenc kifog\u00e1som coaching ellen<\/a><time datetime=\"2020-10-29T00:59:42+02:00\" class=\"wp-block-latest-posts__post-date\">October 29, 2020<\/time><\/li>\n<\/ul>","protected":false},"excerpt":{"rendered":"","protected":false},"author":2,"featured_media":492,"parent":0,"menu_order":0,"comment_status":"closed","ping_status":"closed","template":"","meta":{"_mi_skip_tracking":false,"spay_email":""},"_links":{"self":[{"href":"https:\/\/silverliningideas.com\/index.php\/wp-json\/wp\/v2\/pages\/436"}],"collection":[{"href":"https:\/\/silverliningideas.com\/index.php\/wp-json\/wp\/v2\/pages"}],"about":[{"href":"https:\/\/silverliningideas.com\/index.php\/wp-json\/wp\/v2\/types\/page"}],"author":[{"embeddable":true,"href":"https:\/\/silverliningideas.com\/index.php\/wp-json\/wp\/v2\/users\/2"}],"replies":[{"embeddable":true,"href":"https:\/\/silverliningideas.com\/index.php\/wp-json\/wp\/v2\/comments?post=436"}],"version-history":[{"count":2,"href":"https:\/\/silverliningideas.com\/index.php\/wp-json\/wp\/v2\/pages\/436\/revisions"}],"predecessor-version":[{"id":491,"href":"https:\/\/silverliningideas.com\/index.php\/wp-json\/wp\/v2\/pages\/436\/revisions\/491"}],"wp:featuredmedia":[{"embeddable":true,"href":"https:\/\/silverliningideas.com\/index.php\/wp-json\/wp\/v2\/media\/492"}],"wp:attachment":[{"href":"https:\/\/silverliningideas.com\/index.php\/wp-json\/wp\/v2\/media?parent=436"}],"curies":[{"name":"wp","href":"https:\/\/api.w.org\/{rel}","templated":true}]}}