{"id":390,"date":"2019-06-19T21:05:29","date_gmt":"2019-06-19T19:05:29","guid":{"rendered":"http:\/\/silverliningideas.com\/?page_id=390"},"modified":"2019-06-19T21:05:30","modified_gmt":"2019-06-19T19:05:30","slug":"adatvedelem","status":"publish","type":"page","link":"http:\/\/silverliningideas.com\/index.php\/hu\/adatvedelem\/","title":{"rendered":"Adatv\u00e9delem"},"content":{"rendered":"\n<p>T\u00e1j\u00e9koztatom, hogy a http:\/\/www.silverliningideas.com domain alatt el\u00e9rhet\u0151 weboldalt (a tov\u00e1bbiakban: \u201eWeboldal\u201d) a szem\u00e9lyes adatok v\u00e9delm\u00e9re vonatkoz\u00f3 hat\u00e1lyos jogszab\u00e1lyoknak rendelkez\u00e9seinek megfelel\u0151en \u00fczemeltetem. A szem\u00e9lyes adatok kezel\u00e9s\u00e9vel kapcsolatos t\u00e1j\u00e9koztat\u00e1st \u2013 melynek tartalm\u00e1t adatkezel\u0151k\u00e9nt magamra n\u00e9zve k\u00f6telez\u0151nek ismerem el \u2013 az al\u00e1bbiakban adom meg, figyelembe v\u00e9ve k\u00fcl\u00f6n\u00f6sen a term\u00e9szetes szem\u00e9lyeknek a szem\u00e9lyes adatok kezel\u00e9se tekintet\u00e9ben t\u00f6rt\u00e9n\u0151 v\u00e9delm\u00e9r\u0151l \u00e9s az ilyen adatok szabad \u00e1raml\u00e1s\u00e1r\u00f3l, valamint a 95\/46\/EK rendelet hat\u00e1lyon k\u00edv\u00fcl helyez\u00e9s\u00e9r\u0151l sz\u00f3l\u00f3 Eur\u00f3pai Parlament \u00e9s a Tan\u00e1cs (EU) 2016\/679 rendelet\u00e9ben (\u00e1ltal\u00e1nos adatv\u00e9delmi rendelet, \u201eGDPR\u201d) foglaltakat, valamint a vonatkoz\u00f3 egy\u00e9b jogszab\u00e1lyok rendelkez\u00e9seit. <\/p>\n\n\n\n<ol><li><strong><em>Adatkezel\u0151 <\/em><\/strong><\/li><\/ol>\n\n\n\n<p>Bagi Zsuzsanna <\/p>\n\n\n\n<ol><li><strong><em>A kezelt adatok k\u00f6re, c\u00e9lja, id\u0151tartama <\/em><\/strong><\/li><\/ol>\n\n\n\n<p>Az adatok megad\u00e1sa \u00f6nk\u00e9ntes. Az Adatkezel\u0151 az al\u00e1bbi, \u00f6nk\u00e9ntes hozz\u00e1j\u00e1rul\u00e1son alapul\u00f3 szem\u00e9lyes adatokat kezeli az itt megjel\u00f6lt c\u00e9lb\u00f3l \u00e9s id\u0151tartamig. Az Adatkezel\u0151 az adatkezel\u00e9s sor\u00e1n kiz\u00e1r\u00f3lag az adatkezel\u00e9s c\u00e9lj\u00e1hoz k\u00f6t\u00f6tten, az adatkezel\u00e9shez sz\u00fcks\u00e9ges m\u00e9rt\u00e9kben \u00e9s ideig, a c\u00e9l el\u00e9r\u00e9s\u00e9re alkalmas m\u00f3don j\u00e1r el.&nbsp;<strong><em>2.1. H\u00edrlev\u00e9lre val\u00f3 feliratkoz\u00e1s<\/em><\/strong>&nbsp;<em>Kezelt adatok:<\/em>&nbsp;e-mail c\u00edm, n\u00e9v.&nbsp;<em>Adatkezel\u00e9s c\u00e9lja:<\/em>&nbsp;h\u00edrlev\u00e9l k\u00fcld\u00e9se a Weboldal \u201eBlooms\u201d men\u00fcpontja alatt megjelen\u0151 \u00faj tartalmakr\u00f3l, valamint az Adatkezel\u0151 \u00e1ltal szervezett esem\u00e9nyekr\u0151l, kurzusokr\u00f3l, egy\u00e9b szolg\u00e1ltat\u00e1sokr\u00f3l.&nbsp;<em>Adatkezel\u00e9s id\u0151tartama:<\/em>&nbsp;hozz\u00e1j\u00e1rul\u00e1s visszavon\u00e1s\u00e1ig (pl. leiratkoz\u00e1s). A hozz\u00e1j\u00e1rul\u00e1s visszavon\u00e1sa nem \u00e9rinti a hozz\u00e1j\u00e1rul\u00e1son alapul\u00f3, a visszavon\u00e1s el\u0151tti adatkezel\u00e9s jogszer\u0171s\u00e9g\u00e9t. Az Adatkezel\u0151 a sz\u00e1m\u00e1ra megadott szem\u00e9lyes adatokat nem ellen\u0151rzi. A megadott Szem\u00e9lyes adatok megfelel\u0151s\u00e9g\u00e9\u00e9rt kiz\u00e1r\u00f3lag az azt megad\u00f3 szem\u00e9ly felel.&nbsp;<strong><em>2.2. Weboldalon t\u00f6rt\u00e9n\u0151 hozz\u00e1sz\u00f3l\u00e1s<\/em><\/strong>&nbsp;Hozz\u00e1sz\u00f3l\u00e1s bek\u00fcld\u00e9sekor a hozz\u00e1sz\u00f3l\u00e1si \u0171rlapban megadottakon k\u00edv\u00fcl m\u00e1s adat begy\u0171jt\u00e9sre nem ker\u00fcl. A hozz\u00e1sz\u00f3l\u00e1s elfogad\u00e1sa ut\u00e1n, a hozz\u00e1sz\u00f3l\u00e1s tartalma \u00e9s a profil k\u00e9p is megjelenik nyilv\u00e1nosan, m\u00e1s adat azonban nem.&nbsp;<em>Kezelt adatok:<\/em>&nbsp;megadott n\u00e9v, e-mail c\u00edm, hozz\u00e1sz\u00f3l\u00e1s&nbsp;<em>Adatkezel\u00e9s c\u00e9lja:<\/em>&nbsp;hozz\u00e1sz\u00f3l\u00e1s elhelyez\u00e9se.&nbsp;<em>Adatkezel\u00e9s id\u0151tartama:<\/em>&nbsp;hozz\u00e1j\u00e1rul\u00e1s visszavon\u00e1s\u00e1ig. A hozz\u00e1j\u00e1rul\u00e1s visszavon\u00e1sa nem \u00e9rinti a hozz\u00e1j\u00e1rul\u00e1son alapul\u00f3, a visszavon\u00e1s el\u0151tti adatkezel\u00e9s jogszer\u0171s\u00e9g\u00e9t.&nbsp;<strong><em>2.3. Google Analytics<\/em><\/strong>&nbsp;A Weboldal l\u00e1togatotts\u00e1g\u00e1nak m\u00e9r\u00e9se, nyomon k\u00f6vet\u00e9se, elemz\u00e9sek, statisztik\u00e1k k\u00e9sz\u00edt\u00e9se c\u00e9lj\u00e1b\u00f3l a Weboldal a Google Analytics nev\u0171 statisztikai szoftvert haszn\u00e1lja. R\u00e9szletek a \u201eCookie\u201d r\u00e9szben. <\/p>\n\n\n\n<ol><li><strong><em>Adatkezel\u00e9s jogalapja <\/em><\/strong><\/li><\/ol>\n\n\n\n<p>Az \u00d6n hozz\u00e1j\u00e1rul\u00e1sa. A hozz\u00e1j\u00e1rul\u00e1s\u00e1t az adott szolg\u00e1ltat\u00e1s ig\u00e9nybev\u00e9tel\u00e9vel (pl. a Weboldal megnyit\u00e1sa, h\u00edrlev\u00e9lre val\u00f3 feliratkoz\u00e1s, hozz\u00e1sz\u00f3l\u00e1s nyilv\u00e1noss\u00e1gra hozatala stb.) haszn\u00e1lat\u00e1val adja meg. Az adatkezel\u00e9shez val\u00f3 hozz\u00e1j\u00e1rul\u00e1s\u00e1t b\u00e1rmikor visszavonhatja, amely nem \u00e9rinti a visszavon\u00e1s el\u0151tt a hozz\u00e1j\u00e1rul\u00e1s alapj\u00e1n v\u00e9grehajtott adatkezel\u00e9s jogszer\u0171s\u00e9g\u00e9t. A visszavon\u00e1s joga indokol\u00e1s \u00e9s korl\u00e1toz\u00e1s n\u00e9lk\u00fcl, ingyenesen gyakorolhat\u00f3. <\/p>\n\n\n\n<ol><li><strong><em>Adattov\u00e1bb\u00edt\u00e1s, adatfeldolgoz\u00e1s <\/em><\/strong><\/li><\/ol>\n\n\n\n<p>A szem\u00e9lyes adatok harmadik szem\u00e9ly r\u00e9sz\u00e9re nem ker\u00fclnek tov\u00e1bb\u00edt\u00e1sra, kiv\u00e9ve, ha \u00d6n ehhez kifejezetten hozz\u00e1j\u00e1rul. <\/p>\n\n\n\n<ol><li><strong><em>Cookie-k <\/em><\/strong><\/li><\/ol>\n\n\n\n<p>A Weboldal egyes r\u00e9szeinek let\u00f6lt\u00e9sekor a webszerver automatikusan kis sz\u00f6vegf\u00e1jlokat, azaz cookie-kat helyez el az \u00d6n sz\u00e1m\u00edt\u00f3g\u00e9p\u00e9n vagy egy\u00e9b eszk\u00f6z\u00e9n, amellyel hozz\u00e1f\u00e9r a Weboldalhoz. Ezek az adat\u00e1llom\u00e1nyok a magyar adatv\u00e9delmi jog szerint egyes esetekben szem\u00e9lyes adatoknak min\u0151s\u00fclhetnek. A cookie-k a Weboldal megfelel\u0151 m\u0171k\u00f6d\u00e9s\u00e9hez sz\u00fcks\u00e9gesek, \u00e9s \u00d6n k\u00e9pes azok elhelyez\u00e9s\u00e9t b\u00f6ng\u00e9sz\u0151programja be\u00e1ll\u00edt\u00e1saival kontroll\u00e1lni; a cookie-k alkalmaz\u00e1s\u00e1nak letilt\u00e1sa azonban egyes esetekben a Weboldal nem megfelel\u0151 m\u0171k\u00f6d\u00e9s\u00e9hez vezethet. A Weboldal Google Analytics-et haszn\u00e1l. A Google Analytics \u00e1ltal elhelyezett cookie-k inform\u00e1ci\u00f3t gy\u0171jtenek arr\u00f3l, hogy a Felhaszn\u00e1l\u00f3 mik\u00e9nt haszn\u00e1lja a Weboldalt. Ezek az inform\u00e1ci\u00f3k a Weboldal l\u00e1togatotts\u00e1g\u00e1nak, l\u00e1togat\u00f3k \u00e1ltali haszn\u00e1lat\u00e1nak m\u00e9r\u00e9s\u00e9re, nyomon k\u00f6vet\u00e9s\u00e9re \u00e9s ezzel kapcsolatos jelent\u00e9sek, elemz\u00e9sek k\u00e9sz\u00edt\u00e9s\u00e9re szolg\u00e1lnak. A Google adatv\u00e9delmi ir\u00e1nyelveir\u0151l b\u0151vebben&nbsp;<strong>itt<\/strong>&nbsp;tal\u00e1lhat\u00f3 inform\u00e1ci\u00f3. Az \u00fan. \u201eSocial m\u00e9dia\u201d funkci\u00f3k (pl.: \u201elike gomb\u201d) cookie-kat haszn\u00e1lnak, amelyeket harmadik f\u00e9l kezel. Ezekr\u0151l tov\u00e1bbi inform\u00e1ci\u00f3 az adott funkci\u00f3 m\u00f6g\u00f6tt \u00e1ll\u00f3 port\u00e1l fel\u00fclet\u00e9n lehet megtudni. <\/p>\n\n\n\n<ol><li><strong><em>M\u00e1s honlapokr\u00f3l be\u00e1gyazott tartalmak <\/em><\/strong><\/li><\/ol>\n\n\n\n<p>A Weboldalon szerepelnek olyan hivatkoz\u00e1sok (linkek), amelyek \u2013 kattint\u00e1s \u00fatj\u00e1n \u2013 m\u00e1s adatkezel\u0151 \u00e1ltal \u00fczemeltetett Weboldalakra viszik \u00d6nt. A k\u00fcls\u0151 forr\u00e1sb\u00f3l sz\u00e1rmaz\u00f3 be\u00e1gyazott tartalmak pontosan \u00fagy viselkednek, mintha a Felhaszn\u00e1l\u00f3 megl\u00e1togatta volna a be\u00e1gyazott tartalom forr\u00e1s\u00e1ul szolg\u00e1l\u00f3 honlapot. Ezek a webhelyek lehets\u00e9ges, hogy adatot gy\u0171jtenek a l\u00e1togat\u00f3kr\u00f3l, cookie-kat vagy harmadik f\u00e9lt\u0151l sz\u00e1rmaz\u00f3 k\u00f6vet\u0151k\u00f3dot haszn\u00e1lnak, figyelik a be\u00e1gyazott tartalommal kapcsolatos Felhaszn\u00e1l\u00f3i viselked\u00e9st, ha a Felhaszn\u00e1l\u00f3 rendelkezik Felhaszn\u00e1l\u00f3i fi\u00f3kkal \u00e9s be van jelentkezve az oldalra. Ezek az oldalak nem \u00e1llnak az Adatkezel\u0151 ellen\u0151rz\u00e9se alatt, ez\u00e9rt az Adatkezel\u0151 az ezen oldalakon szerepl\u0151 tartalom\u00e9rt semmif\u00e9le felel\u0151ss\u00e9get nem v\u00e1llal. <\/p>\n\n\n\n<ol><li><strong><em>Adatkezel\u00e9ssel kapcsolatos fogalom meghat\u00e1roz\u00e1sok <\/em><\/strong><\/li><\/ol>\n\n\n\n<p><em>Szem\u00e9lyes adat:<\/em>&nbsp;b\u00e1rmely meghat\u00e1rozott (azonos\u00edtott vagy azonos\u00edthat\u00f3) term\u00e9szetes szem\u00e9llyel (\u00e9rintett) kapcsolatba hozhat\u00f3 adat, az adatb\u00f3l levonhat\u00f3, az \u00e9rintettre vonatkoz\u00f3 k\u00f6vetkeztet\u00e9s. A szem\u00e9lyes adat az adatkezel\u00e9s sor\u00e1n mindaddig meg\u0151rzi e min\u0151s\u00e9g\u00e9t, am\u00edg kapcsolata az \u00e9rintettel helyre\u00e1ll\u00edthat\u00f3. A szem\u00e9ly k\u00fcl\u00f6n\u00f6sen akkor tekinthet\u0151 azonos\u00edthat\u00f3nak, ha \u0151t \u2013 k\u00f6zvetlen\u00fcl vagy k\u00f6zvetve \u2013 n\u00e9v, azonos\u00edt\u00f3 jel, illet\u0151leg egy vagy t\u00f6bb, fizikai, fiziol\u00f3giai, ment\u00e1lis, gazdas\u00e1gi, kultur\u00e1lis vagy szoci\u00e1lis azonoss\u00e1g\u00e1ra jellemz\u0151 t\u00e9nyez\u0151 alapj\u00e1n azonos\u00edtani lehet.&nbsp;<em>Hozz\u00e1j\u00e1rul\u00e1s:<\/em>&nbsp;az \u00e9rintett k\u00edv\u00e1ns\u00e1g\u00e1nak \u00f6nk\u00e9ntes \u00e9s hat\u00e1rozott kinyilv\u00e1n\u00edt\u00e1sa, amely megfelel\u0151 t\u00e1j\u00e9koztat\u00e1son alapul, \u00e9s amellyel f\u00e9lre\u00e9rthetetlen beleegyez\u00e9s\u00e9t adja a r\u00e1 vonatkoz\u00f3 szem\u00e9lyes adatok \u2013 teljes k\u00f6r\u0171 vagy egyes m\u0171veletekre kiterjed\u0151 \u2013 kezel\u00e9s\u00e9hez.&nbsp;<em>Adatkezel\u00e9s:<\/em>&nbsp;az alkalmazott elj\u00e1r\u00e1st\u00f3l f\u00fcggetlen\u00fcl a szem\u00e9lyes adatokon v\u00e9gzett b\u00e1rmely m\u0171velet vagy a m\u0171veletek \u00f6sszess\u00e9ge, \u00edgy p\u00e9ld\u00e1ul gy\u0171jt\u00e9se, felv\u00e9tele, r\u00f6gz\u00edt\u00e9se, rendszerez\u00e9se, t\u00e1rol\u00e1sa, megv\u00e1ltoztat\u00e1sa, felhaszn\u00e1l\u00e1sa, tov\u00e1bb\u00edt\u00e1sa, nyilv\u00e1noss\u00e1gra hozatala, \u00f6sszehangol\u00e1sa vagy \u00f6sszekapcsol\u00e1sa, z\u00e1rol\u00e1sa, t\u00f6rl\u00e9se \u00e9s megsemmis\u00edt\u00e9se, valamint az adatok tov\u00e1bbi felhaszn\u00e1l\u00e1s\u00e1nak megakad\u00e1lyoz\u00e1sa.&nbsp;<em>Hozz\u00e1f\u00e9r\u00e9si jog:<\/em>&nbsp;a Felhaszn\u00e1l\u00f3 k\u00e9r\u00e9s\u00e9re az Adatkezel\u0151 t\u00e1j\u00e9koztat\u00e1st ad arra vonatkoz\u00f3an, hogy szem\u00e9lyes adatai kezel\u00e9se folyamatban van-e, \u00e9s ha igen, akkor a Felhaszn\u00e1l\u00f3 jogosult arra, hogy hozz\u00e1f\u00e9r\u00e9st kapjon a szem\u00e9lyes adatokhoz, valamint a GDPR rendelet 15. cikke szerinti inform\u00e1ci\u00f3khoz, ide\u00e9rtve az adatkezel\u00e9s c\u00e9lj\u00e1t, az \u00e9rintett szem\u00e9lyes adatok kateg\u00f3ri\u00e1it, a szem\u00e9lyes adatok c\u00edmzettjeit vagy azok kateg\u00f3ri\u00e1it, automatiz\u00e1lt d\u00f6nt\u00e9shozatallal \u00e9s profilalkot\u00e1ssal kapcsolatos inform\u00e1ci\u00f3kat, az adatkezel\u00e9s id\u0151tartam\u00e1t, az adatok forr\u00e1s\u00e1t, a panaszt\u00e9teli joggal, valamint a jelen 7. pont szerinti adatkezel\u00e9si jogokkal kapcsolatos inform\u00e1ci\u00f3kat. A szem\u00e9lyes adatokr\u00f3l a Felhaszn\u00e1l\u00f3 jogosult m\u00e1solatot k\u00e9rni.&nbsp;<em>Helyesb\u00edt\u00e9s k\u00e9r\u00e9s\u00e9hez val\u00f3 jog:<\/em>&nbsp;ha a Felhaszn\u00e1l\u00f3nak az Adatkezel\u0151 \u00e1ltal kezelt b\u00e1rmely szem\u00e9lyes adata nem felel meg a val\u00f3s\u00e1gnak, a Felhaszn\u00e1l\u00f3 k\u00e9r\u00e9s\u00e9re az Adatkezel\u0151 a szem\u00e9lyes adatot soron k\u00edv\u00fcl helyesb\u00edti, valamint a Felhaszn\u00e1l\u00f3 a hi\u00e1nyos adatai kieg\u00e9sz\u00edt\u00e9s\u00e9t is k\u00e9rheti.&nbsp;<em>T\u00f6rl\u00e9shez val\u00f3 jog:<\/em>&nbsp;a Felhaszn\u00e1l\u00f3 k\u00e9r\u00e9s\u00e9re az Adatkezel\u0151 t\u00f6rli a szem\u00e9lyes adatait a nyilv\u00e1ntart\u00e1s\u00e1b\u00f3l, amennyiben az adatok kezel\u00e9s\u00e9re nem \u00e1ll fenn m\u00e1s jogalap.&nbsp;<em>Adatkezel\u00e9s korl\u00e1toz\u00e1s\u00e1hoz val\u00f3 jog:<\/em>&nbsp;a Felhaszn\u00e1l\u00f3 k\u00e9r\u00e9s\u00e9re az Adatkezel\u0151 korl\u00e1tozza a Felhaszn\u00e1l\u00f3 szem\u00e9lyes adatainak kezel\u00e9s\u00e9t, amennyiben az al\u00e1bbi esetek valamelyike teljes\u00fcl: <\/p>\n\n\n\n<ul><li>A Felhaszn\u00e1l\u00f3 vitatja a szem\u00e9lyes adatai pontoss\u00e1g\u00e1t, mely esetben a korl\u00e1toz\u00e1s arra az id\u0151tartamra vonatkozik, amely lehet\u0151v\u00e9 teszi, hogy az Adatkezel\u0151 ellen\u0151rizze a szem\u00e9lyes adatok pontoss\u00e1g\u00e1t; <\/li><li>Az adatkezel\u00e9s jogellenes, \u00e9s a Felhaszn\u00e1l\u00f3 ellenzi az adatai t\u00f6rl\u00e9s\u00e9t, \u00e9s e helyett k\u00e9ri azok felhaszn\u00e1l\u00e1s\u00e1nak korl\u00e1toz\u00e1s\u00e1t; <\/li><li>Az Adatkezel\u0151nek m\u00e1r nincs sz\u00fcks\u00e9ge a szem\u00e9lyes adatokra adatkezel\u00e9s c\u00e9lj\u00e1b\u00f3l, de a Felhaszn\u00e1l\u00f3 ig\u00e9nyli azokat jogi ig\u00e9nyek el\u0151terjeszt\u00e9s\u00e9hez, \u00e9rv\u00e9nyes\u00edt\u00e9s\u00e9hez vagy v\u00e9delm\u00e9hez; vagy <\/li><li>A Felhaszn\u00e1l\u00f3 tiltakozott az adatkezel\u00e9s ellen, amely esetben a korl\u00e1toz\u00e1s arra az id\u0151tartamra vonatkozik, am\u00edg meg\u00e1llap\u00edt\u00e1sra nem ker\u00fcl, hogy az Adatkezel\u0151 jogos indokai els\u0151bbs\u00e9get \u00e9lveznek-e a Felhaszn\u00e1l\u00f3 jogos indokaival szemben. <\/li><\/ul>\n\n\n\n<p>Korl\u00e1toz\u00e1s eset\u00e9n a Felhaszn\u00e1l\u00f3 szem\u00e9lyes adatait, a t\u00e1rol\u00e1s kiv\u00e9tel\u00e9vel, csak a Felhaszn\u00e1l\u00f3 hozz\u00e1j\u00e1rul\u00e1s\u00e1val vagy jogi ig\u00e9nyek el\u0151terjeszt\u00e9s\u00e9hez, \u00e9rv\u00e9nyes\u00edt\u00e9s\u00e9hez vagy v\u00e9delm\u00e9hez, vagy m\u00e1s term\u00e9szetes vagy jogi szem\u00e9ly jogainak v\u00e9delme \u00e9rdek\u00e9ben, vagy az Eur\u00f3pai Uni\u00f3, illetve valamely Eur\u00f3pai Uni\u00f3s tag\u00e1llam fontos k\u00f6z\u00e9rdek\u00e9b\u0151l lehet kezelni.&nbsp;<em>Tiltakoz\u00e1s:<\/em>&nbsp;az \u00e9rintett nyilatkozata, amellyel szem\u00e9lyes adatainak kezel\u00e9s\u00e9t kifog\u00e1solja, \u00e9s az adatkezel\u00e9s megsz\u00fcntet\u00e9s\u00e9t, illetve a kezelt adatok t\u00f6rl\u00e9s\u00e9t k\u00e9ri. <\/p>\n\n\n\n<ol><li><strong><em>Kapcsolatfelv\u00e9teli \u0171rlapok <\/em><\/strong><\/li><\/ol>\n\n\n\n<p>A kapcsolati \u0171rlapon be\u00e9rkez\u0151 adatokat \u00fcgyf\u00e9lszolg\u00e1lati okokb\u00f3l bizonyos ideig meg\u0151rizz\u00fck, de ezt az inform\u00e1ci\u00f3t nem haszn\u00e1ljuk marketing c\u00e9lokra \u2013 kiv\u00e9ve abban az esetben, ha ehhez \u00d6n hozz\u00e1j\u00e1rul. A rendszerben t\u00e1rolt szem\u00e9lyes adataival \u00e9s az adatkezel\u00e9ssel kapcsolatos b\u00e1rmely k\u00e9rd\u00e9s\u00e9t, k\u00e9r\u00e9s\u00e9t, tiltakoz\u00e1s\u00e1t \u00edr\u00e1sban juttassa el a&nbsp;<em>hello@balance-and-bloom.com<\/em>&nbsp;e-mail c\u00edmre. K\u00e9rj\u00fck, tartsa szem el\u0151tt, hogy szem\u00e9lyes adatai kezel\u00e9s\u00e9vel kapcsolatban \u2013 az \u00d6n \u00e9rdek\u00e9ben \u2013 csak abban az esetben \u00e1ll m\u00f3domban felvil\u00e1gos\u00edt\u00e1st adni, illetve int\u00e9zked\u00e9st tenni, ha szem\u00e9lyazonoss\u00e1g\u00e1t hitelt \u00e9rdeml\u0151en igazolta. <\/p>\n\n\n\n<ol><li><strong><em>Kapcsolati adatok <\/em><\/strong><\/li><\/ol>\n\n\n\n<p>Az oldal adatkezel\u0151je: Bagi Zsuzsanna, aki a szem\u00e9lyes adatokat, inform\u00e1ci\u00f3kat az adatv\u00e9delmi szab\u00e1lyok tiszteletben tart\u00e1s\u00e1val adatkezel\u0151k\u00e9nt kiz\u00e1r\u00f3lag saj\u00e1t maga kezeli. El\u00e9rhet\u0151s\u00e9ge:&nbsp;<em>hello@silverliningideas.com <\/em><\/p>\n\n\n\n<ol><li><strong><em>Jogorvoslati lehet\u0151s\u00e9gei <\/em><\/strong><\/li><\/ol>\n\n\n\n<ul><li>Panaszt tehet a Nemzeti Adatv\u00e9delmi \u00e9s Inform\u00e1ci\u00f3szabads\u00e1g Hat\u00f3s\u00e1gn\u00e1l (levelez\u00e9si c\u00edm: 1530 Budapest, Pf.: 5., telefon: +36 (1) 391-1400, e-mail: ugyfelszolgalat@naih.hu, honlap: www.naih.hu), ha az \u00d6n meg\u00edt\u00e9l\u00e9se szerint a szem\u00e9lyes adatai kezel\u00e9se s\u00e9rti a hat\u00e1lyos jogszab\u00e1lyokat; illetve <\/li><li>Jogainak megs\u00e9rt\u00e9se eset\u00e9n b\u00edr\u00f3s\u00e1ghoz is fordulhat. A pert az \u00d6n v\u00e1laszt\u00e1sa szerint az adatkezel\u0151 tev\u00e9kenys\u00e9gi helye vagy az \u00d6n szok\u00e1sos tart\u00f3zkod\u00e1si helye szerinti tag\u00e1llam b\u00edr\u00f3s\u00e1ga el\u0151tt is megind\u00edthatja. <\/li><\/ul>\n\n\n\n<ol><li><strong><em>Az adatv\u00e9delmi t\u00e1j\u00e9koztat\u00f3 m\u00f3dos\u00edt\u00e1sa <\/em><\/strong><\/li><\/ol>\n\n\n\n<p>Az Adatkezel\u0151 fenntartja a jog\u00e1t arra n\u00e9zve, hogy a jelen t\u00e1j\u00e9koztat\u00f3t \u2013 el\u0151zetes e-mailes \u00e9rtes\u00edt\u00e9s \u00fatj\u00e1n \u2013 egyoldal\u00faan m\u00f3dos\u00edtsa. Hat\u00e1lyos: 2019. m\u00e1jus 24-t\u0151l.&nbsp;<\/p>\n\n\n\n<p><\/p>\n\n\n\n<p><strong>Haszn\u00e1lati felt\u00e9telek<\/strong><\/p>\n\n\n\n<p><strong>Bagi Zsuzsanna http:\/\/<\/strong><strong>www.silverliningideas.com<\/strong><strong>&nbsp;internetes blog oldalainak haszn\u00e1lati felt\u00e9telei \u00e9s az oldalak haszn\u00e1lat\u00e1nak jogi szab\u00e1lyoz\u00e1sa<\/strong>&nbsp;Jelen honlapon megjelen\u00edtett inform\u00e1ci\u00f3kat, dokumentumokat vagy m\u00e1s \u00edrott anyagokat&nbsp;<strong>a szerz\u0151 Bagi Zsuzsanna<\/strong>&nbsp;(a tov\u00e1bbiakban: \u201e<strong>Szerz\u0151<\/strong>\u201d) kiz\u00e1r\u00f3lag t\u00e1j\u00e9koztat\u00e1s c\u00e9lj\u00e1b\u00f3l teszi k\u00f6zz\u00e9. A szerz\u0151 weboldalainak b\u00f6ng\u00e9sz\u00e9s\u00e9vel a felhaszn\u00e1l\u00f3 elfogadja az al\u00e1bbi felt\u00e9teleket. A Szerz\u0151 a jelen kiszolg\u00e1l\u00f3n (tov\u00e1bbiakban \u201ekiszolg\u00e1l\u00f3\u201d) megjelen\u0151 dokumentumok (tov\u00e1bbiakban \u201eoldalak\u201d) haszn\u00e1lat\u00e1nak jog\u00e1t csak azzal enged\u00e9lyezi, hogy a felhaszn\u00e1l\u00f3 tudom\u00e1sul veszi: <\/p>\n\n\n\n<ul><li>Az e kiszolg\u00e1l\u00f3n megtal\u00e1lhat\u00f3 oldalak kiz\u00e1r\u00f3lag az ismeretszerz\u00e9s megval\u00f3s\u00edthat\u00f3s\u00e1g\u00e1t szolg\u00e1lj\u00e1k. <\/li><li>Az e kiszolg\u00e1l\u00f3n tal\u00e1lhat\u00f3 oldalakat a felhaszn\u00e1l\u00f3 nem jogosult m\u00f3dos\u00edtani, \u00fajra el\u0151\u00e1ll\u00edtani vagy kereskedelmi c\u00e9lzattal felhaszn\u00e1lni. <\/li><li>Minden enged\u00e9ly n\u00e9lk\u00fcli haszn\u00e1lat szerz\u0151i jogi, b\u00fcntet\u0151jogi \u00e9s polg\u00e1ri jogi k\u00f6vetkezm\u00e9nyekkel j\u00e1r. <\/li><li>A jelen webhely elemeit a szerz\u0151i jogi \u00e9s m\u00e1s t\u00f6rv\u00e9nyek k\u00fcl\u00f6n v\u00e9dik, amelyeknek \u00e9rtelm\u00e9ben a webhely elemei sem eg\u00e9sz\u00fckben, sem r\u00e9szben nem m\u00e1solhat\u00f3k. A jelen webhely egyetlen log\u00f3ja, grafik\u00e1ja, hangja vagy k\u00e9pe nem m\u00e1solhat\u00f3 \u00e9s nem tov\u00e1bb\u00edthat\u00f3 a&nbsp;Szerz\u0151 el\u0151zetes \u00edr\u00e1sbeli enged\u00e9lye n\u00e9lk\u00fcl. <\/li><li>A&nbsp;silverliningideas.com&nbsp;domain szerz\u0151i jogi v\u00e9delmet \u00e9lvez, jogi oltalomban r\u00e9szes\u00fcl, felhaszn\u00e1l\u00e1sa \u2013 a hivatkoz\u00e1s kiv\u00e9tel\u00e9vel \u2013 kiz\u00e1r\u00f3lag a&nbsp;Szerz\u0151, azaz a domain tulajdonos\u00e1nak el\u0151zetes \u00edr\u00e1sos hozz\u00e1j\u00e1rul\u00e1s\u00e1val lehets\u00e9ges. <\/li><li>A honlap eredeti tartalma, illetve oldalainak b\u00e1rmilyen alkot\u00f3eleme (sz\u00f6veg, k\u00e9p, hang, vide\u00f3, anim\u00e1ci\u00f3 stb.) szerz\u0151i jogv\u00e9delem al\u00e1 esik, csak a&nbsp;Szerz\u0151 t\u00e1j\u00e9koztat\u00e1sa, illetve el\u0151zetes \u00edr\u00e1sbeli enged\u00e9ly\u00e9vel haszn\u00e1lhat\u00f3 fel, az al\u00e1bbi felt\u00e9telek szerint. <\/li><\/ul>\n\n\n\n<p><strong>Nem kell enged\u00e9ly, azonban a Szerz\u0151 \u00edr\u00e1sbeli t\u00e1j\u00e9koztat\u00e1sa sz\u00fcks\u00e9ges az al\u00e1bbiakhoz: <\/strong><\/p>\n\n\n\n<ul><li><strong>a) Id\u00e9z\u00e9s<\/strong>&nbsp;Az id\u00e9z\u00e9snek meg kell felelnie a vonatkoz\u00f3 t\u00f6rv\u00e9nyek paragrafusainak. Id\u00e9z\u00e9s eset\u00e9n \u2013 forr\u00e1s megjel\u00f6l\u00e9ssel \u2013 k\u00e9r\u00fcnk r\u00e1mutatni (link elhelyez\u00e9se) a port\u00e1l megfelel\u0151 oldal\u00e1ra. <\/li><li><strong>b) Teljes cikk \u00e1tv\u00e9tele, az al\u00e1bbi felt\u00e9telekkel:<\/strong>&nbsp;Az oldalon megjelent \u00edr\u00e1sok el\u0151zetes \u00edr\u00e1sbeli enged\u00e9ly n\u00e9lk\u00fcl \u00e1tvehet\u0151k, amennyiben a tartalom minden eleme v\u00e1ltozatlan marad, bele\u00e9rtve a sz\u00f6veget, a sz\u00f6vegkiemel\u00e9seket, a k\u00e9peket, azok elhelyez\u00e9s\u00e9t, valamint a sz\u00f6vegben elhelyezett hivatkoz\u00e1sokat is. Tartalom\u00e1tv\u00e9tel eset\u00e9n k\u00e9r\u00fcnk r\u00e1mutatni (link elhelyez\u00e9se) a port\u00e1l megfelel\u0151 oldal\u00e1ra. <\/li><\/ul>\n\n\n\n<p><strong>A Szerz\u0151 el\u0151zetes \u00edr\u00e1sbeli enged\u00e9lye sz\u00fcks\u00e9ges az al\u00e1bbiakhoz: <\/strong><\/p>\n\n\n\n<ul><li><strong>a) Tartalom \u00e1tv\u00e9tele m\u00f3dos\u00edt\u00e1ssal<\/strong>&nbsp;Amennyiben a felhaszn\u00e1l\u00f3 a tartalom \u00e1tv\u00e9tel\u00e9n\u00e9l a sz\u00f6vegben, annak struktur\u00e1l\u00e1s\u00e1ban, a bels\u0151 hivatkoz\u00e1sokban vagy a k\u00e9pekben b\u00e1rmilyen m\u00f3dos\u00edt\u00e1st k\u00edv\u00e1n v\u00e9grehajtani, azt csak a Szerz\u0151 el\u0151zetes \u00edr\u00e1sbeli enged\u00e9ly\u00e9vel teheti meg, jelezve a Szerz\u0151 sz\u00e1m\u00e1ra az elv\u00e9gezni k\u00edv\u00e1nt m\u00f3dos\u00edt\u00e1sokat. <\/li><li><strong>b) Teljes vagy r\u00e9szleges tartalom \u00e1tv\u00e9tele hivatkoz\u00e1s elhelyez\u00e9se n\u00e9lk\u00fcl<\/strong>&nbsp;Az oldalon tal\u00e1lhat\u00f3 tartalom \u00e1tv\u00e9tele az eredeti tartalomra val\u00f3 hivatkoz\u00e1s elhelyez\u00e9se n\u00e9lk\u00fcl csak a Szerz\u0151 el\u0151zetes \u00edr\u00e1sbeli enged\u00e9ly\u00e9vel lehets\u00e9ges. <\/li><li><strong>c) \u00c1tvett tartalom be\u00e1gyaz\u00e1sa<\/strong>&nbsp;Az \u00e1tvenni k\u00edv\u00e1nt tartalom nem \u00f6n\u00e1ll\u00f3 eg\u00e9szk\u00e9nt, hanem egy m\u00e1sik tartalomba \u00e1gyazva, annak r\u00e9szek\u00e9nt t\u00f6rt\u00e9n\u0151 k\u00f6zl\u00e9s\u00e9hez a Szerz\u0151 el\u0151zetes \u00edr\u00e1sbeli enged\u00e9lye sz\u00fcks\u00e9ges. Az enged\u00e9ly megk\u00e9r\u00e9sekor k\u00e9rj\u00fck felt\u00fcntetni a felhaszn\u00e1l\u00e1s c\u00e9lj\u00e1t \u00e9s m\u00f3dj\u00e1t. <\/li><li><strong>d) Tartalom \u00e1tv\u00e9tele kereskedelmi c\u00e9lb\u00f3l<\/strong>&nbsp;A&nbsp;Szerz\u0151&nbsp;\u00edr\u00e1sos enged\u00e9lye n\u00e9lk\u00fcl tilos jelen webhely tartalm\u00e1t ak\u00e1r ny\u00edlt, ak\u00e1r z\u00e1rt adatb\u00e1zisba lementeni, tov\u00e1bb\u00e1 a tartalm\u00e1t kereskedelmi c\u00e9lra felhaszn\u00e1lni, vagy azt terjeszteni. <\/li><\/ul>\n\n\n\n<p>A&nbsp;Szerz\u0151&nbsp;fenntartja a jogot, hogy honlapj\u00e1t b\u00e1rmikor m\u00f3dos\u00edtsa, vagy \u00e1tdolgozza, illetve el\u00e9rhet\u0151s\u00e9g\u00e9t korl\u00e1tozza, megsz\u00fcntesse. A&nbsp;Szerz\u0151&nbsp;nem garant\u00e1lja a weboldalakhoz val\u00f3 hozz\u00e1f\u00e9r\u00e9s folyamatoss\u00e1g\u00e1t, illetve hibamentess\u00e9g\u00e9t. A&nbsp;Szerz\u0151&nbsp;kiz\u00e1rja felel\u0151ss\u00e9g\u00e9t a honlapon tal\u00e1lhat\u00f3 linkkel kapcsolt honlapok tartalm\u00e1\u00e9rt, illetve megb\u00edzhat\u00f3s\u00e1g\u00e1\u00e9rt. A&nbsp;Szerz\u0151&nbsp;nem v\u00e1llal semmilyen felel\u0151ss\u00e9get az ezen a kiszolg\u00e1l\u00f3n megjelentetett oldalakon tal\u00e1lhat\u00f3 inform\u00e1ci\u00f3k, grafik\u00e1k, \u00e1br\u00e1k, k\u00e9pek, \u00f6sszess\u00e9g\u00e9ben m\u0171vek b\u00e1rmilyen c\u00e9lra val\u00f3 alkalmass\u00e1g\u00e1t illet\u0151en. Minden dokumentumot, grafik\u00e1t, \u00e1br\u00e1t, k\u00e9pet a \u201cjelen \u00e1llapot\u00e1ban\u201d, minden szavatoss\u00e1g n\u00e9lk\u00fcl helyez el, \u00e9s azok el\u0151zetes \u00e9rtes\u00edt\u00e9s n\u00e9lk\u00fcl megv\u00e1ltozhatnak. A&nbsp;Szerz\u0151&nbsp;nem v\u00e1llal felel\u0151ss\u00e9get semmilyen k\u00f6zvetlen, k\u00f6zvetett, v\u00e9letlen, k\u00fcl\u00f6nleges vagy b\u00e1rmilyen m\u00e1s k\u00e1r\u00e9rt (korl\u00e1toz\u00e1s n\u00e9lk\u00fcl bele\u00e9rtve az elmaradt hasznot, az \u00fczletmenet megszakad\u00e1s\u00e1val vagy az \u00fczleti inform\u00e1ci\u00f3 elveszt\u00e9s\u00e9vel \u00e9s adatveszt\u00e9ssel kapcsolatos k\u00e1rokat). Az oldalak tartalm\u00e1nak a t\u00f6bbsz\u00f6r\u00f6z\u00e9s\u00e9hez, m\u00e1s oldalakon val\u00f3 k\u00f6zz\u00e9t\u00e9tel\u00e9hez, b\u00e1rmilyen c\u00e9lb\u00f3l t\u00f6rt\u00e9n\u0151 felhaszn\u00e1l\u00e1shoz a k\u00f6vetkez\u0151 e-mail c\u00edmen tudja a felhaszn\u00e1l\u00f3 a&nbsp;Szerz\u0151&nbsp;el\u0151zetes hozz\u00e1j\u00e1rul\u00e1s\u00e1t k\u00e9rni:&nbsp;<strong>hello@silverliningideas.com <\/strong><br><\/p>\n","protected":false},"excerpt":{"rendered":"<p>T\u00e1j\u00e9koztatom, hogy a http:\/\/www.silverliningideas.com domain alatt el\u00e9rhet\u0151 weboldalt (a tov\u00e1bbiakban: \u201eWeboldal\u201d) a szem\u00e9lyes adatok v\u00e9delm\u00e9re vonatkoz\u00f3 hat\u00e1lyos jogszab\u00e1lyoknak rendelkez\u00e9seinek megfelel\u0151en \u00fczemeltetem. A szem\u00e9lyes adatok kezel\u00e9s\u00e9vel kapcsolatos t\u00e1j\u00e9koztat\u00e1st \u2013 melynek tartalm\u00e1t adatkezel\u0151k\u00e9nt magamra n\u00e9zve k\u00f6telez\u0151nek ismerem el \u2013 az al\u00e1bbiakban adom meg, figyelembe v\u00e9ve k\u00fcl\u00f6n\u00f6sen a term\u00e9szetes szem\u00e9lyeknek a szem\u00e9lyes adatok kezel\u00e9se tekintet\u00e9ben t\u00f6rt\u00e9n\u0151 v\u00e9delm\u00e9r\u0151l \u00e9s [&hellip;]<\/p>\n","protected":false},"author":2,"featured_media":0,"parent":0,"menu_order":0,"comment_status":"closed","ping_status":"open","template":"","meta":{"_mi_skip_tracking":false,"spay_email":""},"_links":{"self":[{"href":"http:\/\/silverliningideas.com\/index.php\/wp-json\/wp\/v2\/pages\/390"}],"collection":[{"href":"http:\/\/silverliningideas.com\/index.php\/wp-json\/wp\/v2\/pages"}],"about":[{"href":"http:\/\/silverliningideas.com\/index.php\/wp-json\/wp\/v2\/types\/page"}],"author":[{"embeddable":true,"href":"http:\/\/silverliningideas.com\/index.php\/wp-json\/wp\/v2\/users\/2"}],"replies":[{"embeddable":true,"href":"http:\/\/silverliningideas.com\/index.php\/wp-json\/wp\/v2\/comments?post=390"}],"version-history":[{"count":2,"href":"http:\/\/silverliningideas.com\/index.php\/wp-json\/wp\/v2\/pages\/390\/revisions"}],"predecessor-version":[{"id":394,"href":"http:\/\/silverliningideas.com\/index.php\/wp-json\/wp\/v2\/pages\/390\/revisions\/394"}],"wp:attachment":[{"href":"http:\/\/silverliningideas.com\/index.php\/wp-json\/wp\/v2\/media?parent=390"}],"curies":[{"name":"wp","href":"https:\/\/api.w.org\/{rel}","templated":true}]}}